{"id":29,"date":"2022-05-24T20:08:30","date_gmt":"2022-05-24T20:08:30","guid":{"rendered":"https:\/\/www.espoonratsastajat.fi\/?page_id=29"},"modified":"2025-11-29T21:52:39","modified_gmt":"2025-11-29T19:52:39","slug":"etusivu","status":"publish","type":"page","link":"https:\/\/www.espoonratsastajat.fi\/en\/","title":{"rendered":"Etusivu"},"content":{"rendered":"<p><strong>Warmly welcome to the Espoo Riders' website&nbsp;<\/strong><\/p>\n\n\n\n<p>Espoon Ratsastajat ry (ESPRAT) is an active, feel-good equestrian club founded in 2016 and a member association of the Finnish Equestrian Federation (Suomen Ratsastajainliito). The club's main partner stable is Espoon Talli, located in Espoonkartano at Finnsintie 6, Espoo.<\/p>\n\n\n\n<p>The club's mission is to support, promote, and develop responsible horse riding in the Espoo area. The values emphasized in our activities are responsibility, kindness, and community, and the foundation of our value-based operations is healthy and happy horses and riders. <\/p>\n\n\n\n<p>ESPRAT aims to create a sense of community within hobby circles through various events such as competitions and other activities. Our priority is fostering a positive atmosphere and promoting knowledge related to our sport.<\/p>\n\n\n\n<p><strong>Seuramme yhteiset pelis\u00e4\u00e4nn\u00f6t:<\/strong><br>1. Hevosen hyvinvointi on ykk\u00f6sasiamme <br>2. Moikkaamme kaikkia <br>3. Emme hauku toisia, emmek\u00e4 itse\u00e4mme <br>4. Emme julkaise somessa mit\u00e4\u00e4n mit\u00e4 emme haluaisi itsest\u00e4mmek\u00e4\u00e4n julkaistavan <br>5. Kun puhumme, mietimme miten puhumme &#8211; olemme kannustavia, emme lannistavia<\/p>\n\n\n\n<div class=\"wp-block-buttons is-content-justification-center is-layout-flex wp-container-core-buttons-is-layout-a89b3969 wp-block-buttons-is-layout-flex\">\n\n\n<div class=\"wp-block-button\"><a class=\"wp-block-button__link wp-element-button\"><img decoding=\"async\" src=\"https:\/\/www.espoonratsastajat.fi\/wp-content\/uploads\/2024\/08\/image.png\" alt=\"\">                                       T\u00e4htiseura on Oylmpiakomitean, lajiliittojen ja liikunnan aluej\u00e4rjest\u00f6jen seurojen laatuohjelma. T\u00e4htimerkki on lupaus laadusta nykyisille ja uusille j\u00e4senille sek\u00e4 heid\u00e4n l\u00e4hipiirilleen ja tukijoille. T\u00e4htimerkki on osoitus modernista, ketter\u00e4st\u00e4, vastuullisesta ja inhimillisest\u00e4 toimintatavasta. Se vastaa erilaisten liikkujien tarpeisiin, mutta my\u00f6s kehittyy heid\u00e4n mukanaan.T\u00e4htiseura on Oylmpiakomitean, lajiliittojen ja liikunnan aluej\u00e4rjest\u00f6jen seurojen laatuohjelma. T\u00e4htimerkki on lupaus laadusta nykyisille ja uusille j\u00e4senille sek\u00e4 heid\u00e4n l\u00e4hipiirilleen ja tukijoille. T\u00e4htimerkki on osoitus modernista, ketter\u00e4st\u00e4, vastuullisesta ja inhimillisest\u00e4 toimintatavasta. Se vastaa erilaisten liikkujien tarpeisiin, mutta my\u00f6s kehittyy heid\u00e4n mukanaan.                       https:\/\/www.espoonratsastajat.fi\/wp-content\/uploads\/2024\/08\/Tahtiseura-seloste-seuran-nettisivuille-1.pdf <\/a><\/div>\n<\/div>\n\n\n\n<h3 class=\"wp-block-heading\">Relevant News<\/h3>\n\n\n\n<div class=\"wp-block-group has-global-padding is-layout-constrained wp-block-group-is-layout-constrained\">\n<p>KEV\u00c4TKOKOUKSEN KU<a href=\"https:\/\/www.espoonratsastajat.fi\/en\/uncategorized\/syyskokous-kutsu-2025\/\" data-type=\"post\" data-id=\"362\">SYYSKOKOUS KUTSU 2025<\/a>TSU 2025<\/p>\n\n\n<ul class=\"wp-block-latest-posts__list is-style-twentytwentyone-latest-posts-dividers wp-block-latest-posts\"><li><a class=\"wp-block-latest-posts__post-title\" href=\"https:\/\/www.espoonratsastajat.fi\/en\/uncategorized\/espoonratsastajat-budjetti-2025\/\">Espoonratsastajat budjetti 2025<\/a><\/li>\n<li><a class=\"wp-block-latest-posts__post-title\" href=\"https:\/\/www.espoonratsastajat.fi\/en\/uncategorized\/toimintasuunnitelma-2025\/\">Toimintasuunnitelma 2025<\/a><\/li>\n<li><a class=\"wp-block-latest-posts__post-title\" href=\"https:\/\/www.espoonratsastajat.fi\/en\/uncategorized\/syyskokous-kutsu-2025\/\">SYYSKOKOUS KUTSU 2025<\/a><\/li>\n<li><a class=\"wp-block-latest-posts__post-title\" href=\"https:\/\/www.espoonratsastajat.fi\/en\/uncategorized\/seuran-kevatkokouksen-kutsu\/\">SPRING MEETING INVITATION<\/a><\/li>\n<li><a class=\"wp-block-latest-posts__post-title\" href=\"https:\/\/www.espoonratsastajat.fi\/en\/uncategorized\/syyskokous-7-12-2023\/\">FALL MEETING 7.12.2023<\/a><\/li>\n<\/ul><\/div>\n\n\n\n<h2 class=\"wp-block-heading\"><\/h2>","protected":false},"excerpt":{"rendered":"<p>L\u00e4mpim\u00e4sti tervetuloa Espoon ratsastajien kotisivuille!&nbsp; Espoon ratsastajat ry (ESPRAT) on vuonna 2016 perustettu aktiivinen hyv\u00e4nmielen ratsastusseura sek\u00e4 Suomen Ratsastajainliiton j\u00e4senseura. Seuran p\u00e4\u00e4yhteisty\u00f6tallina toimii Espoon Talli, joka sijaitsee Espoonkartanossa osoitteessa Finnsintie 6, Espoo. Seuran toiminta-ajatuksena on tukea, edist\u00e4\u00e4 ja kehitt\u00e4\u00e4 vastuullista hevosharrastamista Espoon alueella. Toiminnassamme korostuvat arvot ovat vastuullisuus, hyv\u00e4ntahtoisuus ja yhteis\u00f6llisyys, ja arvojemme mukaisen toiminnan [&hellip;]<\/p>\n","protected":false},"author":1,"featured_media":0,"parent":0,"menu_order":0,"comment_status":"closed","ping_status":"closed","template":"","meta":{"footnotes":""},"class_list":["post-29","page","type-page","status-publish","hentry"],"_links":{"self":[{"href":"https:\/\/www.espoonratsastajat.fi\/en\/wp-json\/wp\/v2\/pages\/29","targetHints":{"allow":["GET"]}}],"collection":[{"href":"https:\/\/www.espoonratsastajat.fi\/en\/wp-json\/wp\/v2\/pages"}],"about":[{"href":"https:\/\/www.espoonratsastajat.fi\/en\/wp-json\/wp\/v2\/types\/page"}],"author":[{"embeddable":true,"href":"https:\/\/www.espoonratsastajat.fi\/en\/wp-json\/wp\/v2\/users\/1"}],"replies":[{"embeddable":true,"href":"https:\/\/www.espoonratsastajat.fi\/en\/wp-json\/wp\/v2\/comments?post=29"}],"version-history":[{"count":26,"href":"https:\/\/www.espoonratsastajat.fi\/en\/wp-json\/wp\/v2\/pages\/29\/revisions"}],"predecessor-version":[{"id":365,"href":"https:\/\/www.espoonratsastajat.fi\/en\/wp-json\/wp\/v2\/pages\/29\/revisions\/365"}],"wp:attachment":[{"href":"https:\/\/www.espoonratsastajat.fi\/en\/wp-json\/wp\/v2\/media?parent=29"}],"curies":[{"name":"wp","href":"https:\/\/api.w.org\/{rel}","templated":true}]}}