{"id":332,"date":"2024-11-17T01:22:45","date_gmt":"2024-11-16T23:22:45","guid":{"rendered":"https:\/\/www.espoonratsastajat.fi\/?page_id=332"},"modified":"2024-11-17T01:22:45","modified_gmt":"2024-11-16T23:22:45","slug":"syyskokous-1-12-2024","status":"publish","type":"page","link":"https:\/\/www.espoonratsastajat.fi\/en\/syyskokous-1-12-2024\/","title":{"rendered":"SYYSKOKOUS 1.12.2024"},"content":{"rendered":"<p>KOKOUSKUTSU\u2028S\u00e4\u00e4nt\u00f6m\u00e4\u00e4r\u00e4inen syyskokous 2024<\/p>\n\n\n\n<p>sunnuntai 1.12.2024 &nbsp;klo 16\u2028Espoon tallin toimisto, Finnsintie 6, Espoo<\/p>\n\n\n\n<p>Tervetuloa s\u00e4\u00e4nt\u00f6m\u00e4\u00e4r\u00e4iseen syyskokoukseen.&nbsp;<\/p>\n\n\n\n<p>Gl\u00f6gitarjoilu. L\u00e4mpim\u00e4sti tervetuloa!<\/p>\n\n\n\n<p>Ty\u00f6j\u00e4rjestys&nbsp;<\/p>\n\n\n\n<p>1. Kokouksen avaus&nbsp;<\/p>\n\n\n\n<p>2. Valitaan kokouksen puheenjohtaja, sihteeri, kaksi p\u00f6yt\u00e4kirjantarkastajaa ja tarvittaessa kaksi \u00e4\u00e4ntenlaskijaa&nbsp;<\/p>\n\n\n\n<p>3. Todetaan kokouksen laillisuus ja p\u00e4\u00e4t\u00e4nt\u00e4valtaisuus&nbsp;<\/p>\n\n\n\n<p>4. Hyv\u00e4ksyt\u00e4\u00e4n kokouksen ty\u00f6j\u00e4rjestys&nbsp;<\/p>\n\n\n\n<p>5. Esitet\u00e4\u00e4n tilinp\u00e4\u00e4t\u00f6s 2023, vuosikertomus ja tilintarkastajien lausunto<\/p>\n\n\n\n<p>6. P\u00e4\u00e4tet\u00e4\u00e4n tilinp\u00e4\u00e4t\u00f6ksen 2023 vahvistamisesta ja vastuuvapauden my\u00f6nt\u00e4misest\u00e4 hallitukselle ja muille vastuuvelvollisille<\/p>\n\n\n\n<p>7. Valitaan kaudelle 2025 uusi hallitus<\/p>\n\n\n\n<p>8.Esitell\u00e4\u00e4n kaudelle 2025 toimintasuunnitelma ja budjetti<\/p>\n\n\n\n<p>9. Hyv\u00e4ksyt\u00e4\u00e4n kaudelle 2025 j\u00e4senmaksu<\/p>\n\n\n\n<p>10.K\u00e4sitell\u00e4\u00e4n mahdolliset muut asiat&nbsp;<\/p>\n\n\n\n<p>11. Kokouksen p\u00e4\u00e4tt\u00e4minen&nbsp;<\/p>\n\n\n\n<p>L\u00e4mpim\u00e4sti tervetuloa!<\/p>","protected":false},"excerpt":{"rendered":"<p>KOKOUSKUTSU\u2028S\u00e4\u00e4nt\u00f6m\u00e4\u00e4r\u00e4inen syyskokous 2024 sunnuntai 1.12.2024 &nbsp;klo 16\u2028Espoon tallin toimisto, Finnsintie 6, Espoo Tervetuloa s\u00e4\u00e4nt\u00f6m\u00e4\u00e4r\u00e4iseen syyskokoukseen.&nbsp; Gl\u00f6gitarjoilu. L\u00e4mpim\u00e4sti tervetuloa! Ty\u00f6j\u00e4rjestys&nbsp; 1. Kokouksen avaus&nbsp; 2. Valitaan kokouksen puheenjohtaja, sihteeri, kaksi p\u00f6yt\u00e4kirjantarkastajaa ja tarvittaessa kaksi \u00e4\u00e4ntenlaskijaa&nbsp; 3. Todetaan kokouksen laillisuus ja p\u00e4\u00e4t\u00e4nt\u00e4valtaisuus&nbsp; 4. Hyv\u00e4ksyt\u00e4\u00e4n kokouksen ty\u00f6j\u00e4rjestys&nbsp; 5. Esitet\u00e4\u00e4n tilinp\u00e4\u00e4t\u00f6s 2023, vuosikertomus ja tilintarkastajien lausunto 6. P\u00e4\u00e4tet\u00e4\u00e4n tilinp\u00e4\u00e4t\u00f6ksen 2023 [&hellip;]<\/p>\n","protected":false},"author":4,"featured_media":0,"parent":0,"menu_order":0,"comment_status":"closed","ping_status":"closed","template":"","meta":{"footnotes":""},"class_list":["post-332","page","type-page","status-publish","hentry"],"_links":{"self":[{"href":"https:\/\/www.espoonratsastajat.fi\/en\/wp-json\/wp\/v2\/pages\/332","targetHints":{"allow":["GET"]}}],"collection":[{"href":"https:\/\/www.espoonratsastajat.fi\/en\/wp-json\/wp\/v2\/pages"}],"about":[{"href":"https:\/\/www.espoonratsastajat.fi\/en\/wp-json\/wp\/v2\/types\/page"}],"author":[{"embeddable":true,"href":"https:\/\/www.espoonratsastajat.fi\/en\/wp-json\/wp\/v2\/users\/4"}],"replies":[{"embeddable":true,"href":"https:\/\/www.espoonratsastajat.fi\/en\/wp-json\/wp\/v2\/comments?post=332"}],"version-history":[{"count":1,"href":"https:\/\/www.espoonratsastajat.fi\/en\/wp-json\/wp\/v2\/pages\/332\/revisions"}],"predecessor-version":[{"id":333,"href":"https:\/\/www.espoonratsastajat.fi\/en\/wp-json\/wp\/v2\/pages\/332\/revisions\/333"}],"wp:attachment":[{"href":"https:\/\/www.espoonratsastajat.fi\/en\/wp-json\/wp\/v2\/media?parent=332"}],"curies":[{"name":"wp","href":"https:\/\/api.w.org\/{rel}","templated":true}]}}