{"id":44,"date":"2022-06-09T10:41:33","date_gmt":"2022-06-09T10:41:33","guid":{"rendered":"https:\/\/www.espoonratsastajat.fi\/?page_id=44"},"modified":"2025-01-12T01:19:00","modified_gmt":"2025-01-11T23:19:00","slug":"yhteystiedot","status":"publish","type":"page","link":"https:\/\/www.espoonratsastajat.fi\/en\/yhteystiedot\/","title":{"rendered":"Get To Know Us"},"content":{"rendered":"<p class=\"has-text-align-center\"><br>On this page, you'll find introductions to our club's board, which is responsible for matters related to the club and is happy to help and answer any questions you might have about the club.<\/p>\n\n\n\n<p class=\"has-text-align-center\">In addition to the board, our club also consists of our outstanding members.<\/p>\n\n\n\n<div class=\"wp-block-media-text is-stacked-on-mobile\"><figure class=\"wp-block-media-text__media\"><img loading=\"lazy\" decoding=\"async\" width=\"1024\" height=\"768\" src=\"https:\/\/www.espoonratsastajat.fi\/wp-content\/uploads\/2024\/04\/261f59db-27ab-44dd-bfde-8289a9b24292-2-1024x768.jpg\" alt=\"\" class=\"wp-image-261 size-full\" srcset=\"https:\/\/www.espoonratsastajat.fi\/wp-content\/uploads\/2024\/04\/261f59db-27ab-44dd-bfde-8289a9b24292-2-1024x768.jpg 1024w, https:\/\/www.espoonratsastajat.fi\/wp-content\/uploads\/2024\/04\/261f59db-27ab-44dd-bfde-8289a9b24292-2-300x225.jpg 300w, https:\/\/www.espoonratsastajat.fi\/wp-content\/uploads\/2024\/04\/261f59db-27ab-44dd-bfde-8289a9b24292-2-768x576.jpg 768w, https:\/\/www.espoonratsastajat.fi\/wp-content\/uploads\/2024\/04\/261f59db-27ab-44dd-bfde-8289a9b24292-2-1536x1152.jpg 1536w, https:\/\/www.espoonratsastajat.fi\/wp-content\/uploads\/2024\/04\/261f59db-27ab-44dd-bfde-8289a9b24292-2.jpg 1600w\" sizes=\"auto, (max-width: 1024px) 100vw, 1024px\" \/><\/figure><div class=\"wp-block-media-text__content\">\n<p class=\"has-text-align-center\"><strong>Robert Tollet<\/strong><\/p>\n\n\n\n<p class=\"has-text-align-center\">Hallituksen puheenjohtaja<\/p>\n\n\n\n<p class=\"has-text-align-center\"><a href=\"mailto:puheejohtaja@espoonratsastajat.fi\">puheejohtaja@espoonratsastajat.fi<\/a><\/p>\n\n\n\n<p class=\"has-text-align-center\">\ud83d\udcde<strong>0401961009<\/strong><\/p>\n\n\n\n<p class=\"has-text-align-center\">\"I am a passionate rider with over twenty years of experience in riding. I have completed coaching training and specialized in show jumping. I have successfully competed at the national level in 120 cm classes. I am committed to continuously improving my skills and sharing my passion for riding with others.\"<\/p>\n\n\n\n<p><\/p>\n<\/div><\/div>\n\n\n\n<div class=\"wp-block-media-text is-stacked-on-mobile\" style=\"grid-template-columns:28% auto\"><figure class=\"wp-block-media-text__media\"><img loading=\"lazy\" decoding=\"async\" width=\"577\" height=\"1024\" src=\"https:\/\/www.espoonratsastajat.fi\/wp-content\/uploads\/2024\/04\/70c97135-f7f1-4cdd-9ebf-b75f1afa41cf-577x1024.jpeg\" alt=\"\" class=\"wp-image-263 size-full\" srcset=\"https:\/\/www.espoonratsastajat.fi\/wp-content\/uploads\/2024\/04\/70c97135-f7f1-4cdd-9ebf-b75f1afa41cf-577x1024.jpeg 577w, https:\/\/www.espoonratsastajat.fi\/wp-content\/uploads\/2024\/04\/70c97135-f7f1-4cdd-9ebf-b75f1afa41cf-169x300.jpeg 169w, https:\/\/www.espoonratsastajat.fi\/wp-content\/uploads\/2024\/04\/70c97135-f7f1-4cdd-9ebf-b75f1afa41cf-768x1364.jpeg 768w, https:\/\/www.espoonratsastajat.fi\/wp-content\/uploads\/2024\/04\/70c97135-f7f1-4cdd-9ebf-b75f1afa41cf-865x1536.jpeg 865w, https:\/\/www.espoonratsastajat.fi\/wp-content\/uploads\/2024\/04\/70c97135-f7f1-4cdd-9ebf-b75f1afa41cf.jpeg 924w\" sizes=\"auto, (max-width: 577px) 100vw, 577px\" \/><\/figure><div class=\"wp-block-media-text__content\">\n<p class=\"has-text-align-center\"><strong>Helena Tiitinen<\/strong><\/p>\n\n\n\n<p class=\"has-text-align-center\">Hallituksen varapuheenjohtaja<\/p>\n\n\n\n<p class=\"has-text-align-center\"><a href=\"mailto:varapuheenjohtaja@espoonratsastajat.fi\">varapuheenjohtaja@espoonratsastajat.fi<\/a><\/p>\n\n\n\n<p class=\"has-text-align-center\">\"I am an enthusiastic horse enthusiast whose goal is to engage in a constructive dialogue with the city's sports department and schools. My heart beats for community spirit, good horsemanship skills, and show jumping.\"<\/p>\n\n\n\n<p><\/p>\n<\/div><\/div>\n\n\n\n<div class=\"wp-block-media-text is-stacked-on-mobile\" style=\"grid-template-columns:42% auto\"><figure class=\"wp-block-media-text__media\"><img loading=\"lazy\" decoding=\"async\" width=\"750\" height=\"746\" src=\"https:\/\/www.espoonratsastajat.fi\/wp-content\/uploads\/2024\/04\/53eeb12d-21ef-4d80-a542-4060ac7d9882.jpg\" alt=\"\" class=\"wp-image-265 size-full\" srcset=\"https:\/\/www.espoonratsastajat.fi\/wp-content\/uploads\/2024\/04\/53eeb12d-21ef-4d80-a542-4060ac7d9882.jpg 750w, https:\/\/www.espoonratsastajat.fi\/wp-content\/uploads\/2024\/04\/53eeb12d-21ef-4d80-a542-4060ac7d9882-300x298.jpg 300w, https:\/\/www.espoonratsastajat.fi\/wp-content\/uploads\/2024\/04\/53eeb12d-21ef-4d80-a542-4060ac7d9882-150x150.jpg 150w\" sizes=\"auto, (max-width: 750px) 100vw, 750px\" \/><\/figure><div class=\"wp-block-media-text__content\">\n<p class=\"has-text-align-center\"><strong>Jonna Haavisto<\/strong><\/p>\n\n\n\n<p class=\"has-text-align-center\">Membership Secretary<\/p>\n\n\n\n<p class=\"has-text-align-center\"><a href=\"mailto:jasensihteeri@espoonratsastajat.fi\">jasensihteeri@espoonratsastajat.fi<\/a><\/p>\n\n\n\n<p class=\"has-text-align-center\">\"I am a professional in the equestrian and sports industry. I work as the membership secretary in the association. I am particularly passionate about promoting the participation of children, young people, and special groups, and enabling the joy of movement through equestrian activities.\"<\/p>\n\n\n\n<p><\/p>\n<\/div><\/div>\n\n\n\n<div class=\"wp-block-media-text is-stacked-on-mobile\"><figure class=\"wp-block-media-text__media\"><img loading=\"lazy\" decoding=\"async\" width=\"1024\" height=\"683\" src=\"https:\/\/www.espoonratsastajat.fi\/wp-content\/uploads\/2024\/04\/2fc8fdd2-7b00-4885-92cc-55847f0ea6f4-1-1024x683.jpg\" alt=\"\" class=\"wp-image-264 size-full\" srcset=\"https:\/\/www.espoonratsastajat.fi\/wp-content\/uploads\/2024\/04\/2fc8fdd2-7b00-4885-92cc-55847f0ea6f4-1-1024x683.jpg 1024w, https:\/\/www.espoonratsastajat.fi\/wp-content\/uploads\/2024\/04\/2fc8fdd2-7b00-4885-92cc-55847f0ea6f4-1-300x200.jpg 300w, https:\/\/www.espoonratsastajat.fi\/wp-content\/uploads\/2024\/04\/2fc8fdd2-7b00-4885-92cc-55847f0ea6f4-1-768x512.jpg 768w, https:\/\/www.espoonratsastajat.fi\/wp-content\/uploads\/2024\/04\/2fc8fdd2-7b00-4885-92cc-55847f0ea6f4-1.jpg 1200w\" sizes=\"auto, (max-width: 1024px) 100vw, 1024px\" \/><\/figure><div class=\"wp-block-media-text__content\">\n<p class=\"has-text-align-center\"><strong>Elisa Tollet<\/strong><\/p>\n\n\n\n<p class=\"has-text-align-center\">Treasurer<\/p>\n\n\n\n<p class=\"has-text-align-center\"><a href=\"mailto:rahastonhoitaja@espoonratsastajat.fi\">rahastonhoitaja@espoonratsastajat.fi<\/a><\/p>\n\n\n\n<p class=\"has-text-align-center\">\ud83d\udcde<strong>+358403561099<\/strong><\/p>\n\n\n\n<p class=\"has-text-align-center\">\u201cOlen Espoon Ratsastajien rahastonhoitaja. Toimin my\u00f6s Espoon Tallin yritt\u00e4j\u00e4n\u00e4.&nbsp;Hevoset, ponit ja ratsastus ovat olleet el\u00e4m\u00e4n iloni jo 40 vuotta.Seuratoiminnan mahdollisuudet ratsastuksen kehitt\u00e4misess\u00e4 ovat minun t\u00e4m\u00e4n hetkinen mielenkiinnon kohde. Opiskelen my\u00f6s Vierum\u00e4en urheilupuistolla urheiluohjaamista lis\u00e4t\u00e4kseni ymm\u00e4rryst\u00e4ni seuratoiminnasta.\u201d<\/p>\n<\/div><\/div>\n\n\n\n<h5 class=\"wp-block-heading\"><\/h5>","protected":false},"excerpt":{"rendered":"<p>T\u00e4lt\u00e4 sivulta l\u00f6yd\u00e4t esittelyt seuramme hallituksesta, joka vastaa seuraan liittyvist\u00e4 asioista ja auttavat sek\u00e4 vastaavat mielell\u00e4\u00e4n mik\u00e4li sinulla on mit\u00e4\u00e4n kysymyksi\u00e4 seuraan liittyen. Hallituksen lis\u00e4ksi seuramme koostuu tietenkin my\u00f6s huippu j\u00e4senist\u00e4mme. Robert Tollet Hallituksen puheenjohtaja puheejohtaja@espoonratsastajat.fi \ud83d\udcde0401961009 \u201cOlen intohimoinen ratsastaja, jolla on yli kahdenkymmenen vuoden kokemus ratsastuksesta. Olen suorittanut valmentajakoulutuksen ja erikoistunut esteratsastukseen. Olen kilpaillut [&hellip;]<\/p>\n","protected":false},"author":1,"featured_media":0,"parent":0,"menu_order":0,"comment_status":"closed","ping_status":"closed","template":"","meta":{"footnotes":""},"class_list":["post-44","page","type-page","status-publish","hentry"],"_links":{"self":[{"href":"https:\/\/www.espoonratsastajat.fi\/en\/wp-json\/wp\/v2\/pages\/44","targetHints":{"allow":["GET"]}}],"collection":[{"href":"https:\/\/www.espoonratsastajat.fi\/en\/wp-json\/wp\/v2\/pages"}],"about":[{"href":"https:\/\/www.espoonratsastajat.fi\/en\/wp-json\/wp\/v2\/types\/page"}],"author":[{"embeddable":true,"href":"https:\/\/www.espoonratsastajat.fi\/en\/wp-json\/wp\/v2\/users\/1"}],"replies":[{"embeddable":true,"href":"https:\/\/www.espoonratsastajat.fi\/en\/wp-json\/wp\/v2\/comments?post=44"}],"version-history":[{"count":16,"href":"https:\/\/www.espoonratsastajat.fi\/en\/wp-json\/wp\/v2\/pages\/44\/revisions"}],"predecessor-version":[{"id":338,"href":"https:\/\/www.espoonratsastajat.fi\/en\/wp-json\/wp\/v2\/pages\/44\/revisions\/338"}],"wp:attachment":[{"href":"https:\/\/www.espoonratsastajat.fi\/en\/wp-json\/wp\/v2\/media?parent=44"}],"curies":[{"name":"wp","href":"https:\/\/api.w.org\/{rel}","templated":true}]}}