{"id":67,"date":"2022-07-26T06:50:46","date_gmt":"2022-07-26T06:50:46","guid":{"rendered":"https:\/\/www.espoonratsastajat.fi\/?page_id=67"},"modified":"2025-01-12T01:21:10","modified_gmt":"2025-01-11T23:21:10","slug":"jasenyys","status":"publish","type":"page","link":"https:\/\/www.espoonratsastajat.fi\/en\/jasenyys\/","title":{"rendered":"CLUB AND MEMBERSHIP"},"content":{"rendered":"<p class=\"has-text-align-center\"><\/p>\n\n\n\n<p class=\"has-text-align-center\">Welcome to our riding club! As a member of the club, you'll enjoy various benefits such as discounted lesson rates. Below you'll find the price list and a link to easily join Espoon Ratsastajat.<\/p>\n\n\n\n<p class=\"has-text-align-center\">Our riding club is actively involved in Espoon Talli's activities, aiming to develop, diversify, and rejuvenate the Finnish equestrian world. Our club organizes various events and activities both at the stable and beyond, from group trips to Helsinki Horse Show to our own competitions and Christmas parties. We are a warm-hearted group where everyone is more than welcome.&nbsp;<\/p>\n\n\n\n<p class=\"has-text-align-center\">Everyone is important and valued in our club, so we have established club rules that everyone adheres to and respects.<\/p>\n\n\n\n<p><\/p>\n\n\n\n<p class=\"has-text-align-center\"><strong>Hinnat 2025<\/strong><\/p>\n\n\n\n<p class=\"has-text-align-center\">SRL Juniori &#8211; 67\u20ac<br>SRL Seniori &#8211; 76\u20ac<br>SRL Perhej\u00e4sen Juniori &#8211; 43\u20ac<br>SRL Perhej\u00e4sen Seniori &#8211; 48\u20ac<br>Seuran kannatusj\u00e4sen &#8211; 35\u20ac<\/p>\n\n\n\n<p><\/p>\n\n\n\n<figure class=\"wp-block-image aligncenter size-large is-resized\"><a href=\"https:\/\/liity.ratsastus.fi\"><img loading=\"lazy\" decoding=\"async\" width=\"1024\" height=\"668\" src=\"https:\/\/www.espoonratsastajat.fi\/wp-content\/uploads\/2024\/04\/Highly-motivated-3-1024x668.jpeg\" alt=\"\" class=\"wp-image-229\" style=\"width:555px;height:auto\" srcset=\"https:\/\/www.espoonratsastajat.fi\/wp-content\/uploads\/2024\/04\/Highly-motivated-3-1024x668.jpeg 1024w, https:\/\/www.espoonratsastajat.fi\/wp-content\/uploads\/2024\/04\/Highly-motivated-3-300x196.jpeg 300w, https:\/\/www.espoonratsastajat.fi\/wp-content\/uploads\/2024\/04\/Highly-motivated-3-768x501.jpeg 768w, https:\/\/www.espoonratsastajat.fi\/wp-content\/uploads\/2024\/04\/Highly-motivated-3-1536x1002.jpeg 1536w, https:\/\/www.espoonratsastajat.fi\/wp-content\/uploads\/2024\/04\/Highly-motivated-3-2048x1336.jpeg 2048w\" sizes=\"auto, (max-width: 1024px) 100vw, 1024px\" \/><\/a><\/figure>\n\n\n\n<p>In membership matters, you can contact our membership secretary at jasensihteeri@espoonratsastajat.fi<\/p>\n\n\n\n<p><\/p>\n\n\n\n<p class=\"has-text-align-center\"><a href=\"https:\/\/www.ratsastus.fi\/jasenelle\/\"><strong>Why should a rider be a member?<\/strong><\/a><\/p>\n\n\n\n<p class=\"has-text-align-center\"><a href=\"https:\/\/www.ratsastus.fi\/jasenelle\/\"><strong>Check out the great benefits on the Finnish Equestrian Federation's website<\/strong><\/a><\/p>\n\n\n\n<p class=\"has-text-align-center\"><a href=\"https:\/\/www.ratsastus.fi\/jasenelle\/jasenhuone\/\"><strong>From this link<\/strong><\/a><strong> you can find SRL's Member Room!<\/strong><\/p>","protected":false},"excerpt":{"rendered":"<p>L\u00e4mpim\u00e4sti tervetuloa osaksi ratsastuseuraamme! Seuran j\u00e4senen\u00e4 saat erilaisia j\u00e4senetuja kuten alennetut tuntihinnat. Alta l\u00f6yd\u00e4t hinnaston sek\u00e4 linkin, josta sinun on helppo liitty\u00e4 espoon ratsastajiin. Ratsastuseuramme on vahvasti mukana Espoon Tallin toiminnassa ja tavoitteenamme on kehitt\u00e4\u00e4, monipuolistaa ja virkist\u00e4\u00e4 suomalaista hevosmaailmaa. Seuramme j\u00e4rjest\u00e4\u00e4 erilaisia tapahtumia ja tempauksia tallilla ja sen ulkopuolella yhteisest\u00e4 Helsinki Horse Show matkasta [&hellip;]<\/p>\n","protected":false},"author":1,"featured_media":0,"parent":0,"menu_order":0,"comment_status":"closed","ping_status":"closed","template":"","meta":{"footnotes":""},"class_list":["post-67","page","type-page","status-publish","hentry"],"_links":{"self":[{"href":"https:\/\/www.espoonratsastajat.fi\/en\/wp-json\/wp\/v2\/pages\/67","targetHints":{"allow":["GET"]}}],"collection":[{"href":"https:\/\/www.espoonratsastajat.fi\/en\/wp-json\/wp\/v2\/pages"}],"about":[{"href":"https:\/\/www.espoonratsastajat.fi\/en\/wp-json\/wp\/v2\/types\/page"}],"author":[{"embeddable":true,"href":"https:\/\/www.espoonratsastajat.fi\/en\/wp-json\/wp\/v2\/users\/1"}],"replies":[{"embeddable":true,"href":"https:\/\/www.espoonratsastajat.fi\/en\/wp-json\/wp\/v2\/comments?post=67"}],"version-history":[{"count":12,"href":"https:\/\/www.espoonratsastajat.fi\/en\/wp-json\/wp\/v2\/pages\/67\/revisions"}],"predecessor-version":[{"id":340,"href":"https:\/\/www.espoonratsastajat.fi\/en\/wp-json\/wp\/v2\/pages\/67\/revisions\/340"}],"wp:attachment":[{"href":"https:\/\/www.espoonratsastajat.fi\/en\/wp-json\/wp\/v2\/media?parent=67"}],"curies":[{"name":"wp","href":"https:\/\/api.w.org\/{rel}","templated":true}]}}